{"id":1085,"date":"2019-10-27T21:12:11","date_gmt":"2019-10-27T21:12:11","guid":{"rendered":"http:\/\/opatanation.org\/?page_id=1085"},"modified":"2019-10-27T21:12:23","modified_gmt":"2019-10-27T21:12:23","slug":"last-names","status":"publish","type":"page","link":"https:\/\/opatanation.org\/es\/last-names","title":{"rendered":"Apellidos"},"content":{"rendered":"<div data-elementor-type=\"wp-page\" data-elementor-id=\"1085\" class=\"elementor elementor-1085\" data-elementor-settings=\"{&quot;element_pack_global_tooltip_width&quot;:{&quot;unit&quot;:&quot;px&quot;,&quot;size&quot;:&quot;&quot;,&quot;sizes&quot;:[]},&quot;element_pack_global_tooltip_width_tablet&quot;:{&quot;unit&quot;:&quot;px&quot;,&quot;size&quot;:&quot;&quot;,&quot;sizes&quot;:[]},&quot;element_pack_global_tooltip_width_mobile&quot;:{&quot;unit&quot;:&quot;px&quot;,&quot;size&quot;:&quot;&quot;,&quot;sizes&quot;:[]},&quot;element_pack_global_tooltip_padding&quot;:{&quot;unit&quot;:&quot;px&quot;,&quot;top&quot;:&quot;&quot;,&quot;right&quot;:&quot;&quot;,&quot;bottom&quot;:&quot;&quot;,&quot;left&quot;:&quot;&quot;,&quot;isLinked&quot;:true},&quot;element_pack_global_tooltip_padding_tablet&quot;:{&quot;unit&quot;:&quot;px&quot;,&quot;top&quot;:&quot;&quot;,&quot;right&quot;:&quot;&quot;,&quot;bottom&quot;:&quot;&quot;,&quot;left&quot;:&quot;&quot;,&quot;isLinked&quot;:true},&quot;element_pack_global_tooltip_padding_mobile&quot;:{&quot;unit&quot;:&quot;px&quot;,&quot;top&quot;:&quot;&quot;,&quot;right&quot;:&quot;&quot;,&quot;bottom&quot;:&quot;&quot;,&quot;left&quot;:&quot;&quot;,&quot;isLinked&quot;:true},&quot;element_pack_global_tooltip_border_radius&quot;:{&quot;unit&quot;:&quot;px&quot;,&quot;top&quot;:&quot;&quot;,&quot;right&quot;:&quot;&quot;,&quot;bottom&quot;:&quot;&quot;,&quot;left&quot;:&quot;&quot;,&quot;isLinked&quot;:true},&quot;element_pack_global_tooltip_border_radius_tablet&quot;:{&quot;unit&quot;:&quot;px&quot;,&quot;top&quot;:&quot;&quot;,&quot;right&quot;:&quot;&quot;,&quot;bottom&quot;:&quot;&quot;,&quot;left&quot;:&quot;&quot;,&quot;isLinked&quot;:true},&quot;element_pack_global_tooltip_border_radius_mobile&quot;:{&quot;unit&quot;:&quot;px&quot;,&quot;top&quot;:&quot;&quot;,&quot;right&quot;:&quot;&quot;,&quot;bottom&quot;:&quot;&quot;,&quot;left&quot;:&quot;&quot;,&quot;isLinked&quot;:true}}\" data-elementor-post-type=\"page\">\n\t\t\t\t\t\t<section class=\"elementor-section elementor-top-section elementor-element elementor-element-38bd256 elementor-section-boxed elementor-section-height-default elementor-section-height-default\" data-id=\"38bd256\" data-element_type=\"section\" data-e-type=\"section\">\n\t\t\t\t\t\t<div class=\"elementor-container elementor-column-gap-default\">\n\t\t\t\t\t<div class=\"elementor-column elementor-col-100 elementor-top-column elementor-element elementor-element-ecf6b7a\" data-id=\"ecf6b7a\" data-element_type=\"column\" data-e-type=\"column\">\n\t\t\t<div class=\"elementor-widget-wrap elementor-element-populated\">\n\t\t\t\t\t\t<div class=\"elementor-element elementor-element-d341a60 elementor-widget elementor-widget-image\" data-id=\"d341a60\" data-element_type=\"widget\" data-e-type=\"widget\" data-widget_type=\"image.default\">\n\t\t\t\t<div class=\"elementor-widget-container\">\n\t\t\t\t\t\t\t\t\t\t\t\t\t\t\t<img fetchpriority=\"high\" decoding=\"async\" data-attachment-id=\"1087\" data-permalink=\"https:\/\/opatanation.org\/es\/last-names\/last-names\" data-orig-file=\"https:\/\/i0.wp.com\/opatanation.org\/wp-content\/uploads\/2019\/10\/last-names.png?fit=921%2C496&amp;ssl=1\" data-orig-size=\"921,496\" data-comments-opened=\"1\" data-image-meta=\"{&quot;aperture&quot;:&quot;0&quot;,&quot;credit&quot;:&quot;&quot;,&quot;camera&quot;:&quot;&quot;,&quot;caption&quot;:&quot;&quot;,&quot;created_timestamp&quot;:&quot;0&quot;,&quot;copyright&quot;:&quot;&quot;,&quot;focal_length&quot;:&quot;0&quot;,&quot;iso&quot;:&quot;0&quot;,&quot;shutter_speed&quot;:&quot;0&quot;,&quot;title&quot;:&quot;&quot;,&quot;orientation&quot;:&quot;0&quot;}\" data-image-title=\"Opata last names\" data-image-description=\"\" data-image-caption=\"&lt;p&gt;Opata last names&lt;\/p&gt;\" data-medium-file=\"https:\/\/i0.wp.com\/opatanation.org\/wp-content\/uploads\/2019\/10\/last-names.png?fit=300%2C162&amp;ssl=1\" data-large-file=\"https:\/\/i0.wp.com\/opatanation.org\/wp-content\/uploads\/2019\/10\/last-names.png?fit=640%2C345&amp;ssl=1\" width=\"640\" height=\"345\" src=\"https:\/\/i0.wp.com\/opatanation.org\/wp-content\/uploads\/2019\/10\/last-names.png?fit=640%2C345&amp;ssl=1\" class=\"attachment-medium_large size-medium_large wp-image-1087\" alt=\"\" srcset=\"https:\/\/i0.wp.com\/opatanation.org\/wp-content\/uploads\/2019\/10\/last-names.png?w=921&amp;ssl=1 921w, https:\/\/i0.wp.com\/opatanation.org\/wp-content\/uploads\/2019\/10\/last-names.png?resize=300%2C162&amp;ssl=1 300w, https:\/\/i0.wp.com\/opatanation.org\/wp-content\/uploads\/2019\/10\/last-names.png?resize=768%2C414&amp;ssl=1 768w\" sizes=\"(max-width: 640px) 100vw, 640px\" \/>\t\t\t\t\t\t\t\t\t\t\t\t\t\t\t<\/div>\n\t\t\t\t<\/div>\n\t\t\t\t\t<\/div>\n\t\t<\/div>\n\t\t\t\t\t<\/div>\n\t\t<\/section>\n\t\t\t\t<section class=\"elementor-section elementor-top-section elementor-element elementor-element-869469a elementor-section-boxed elementor-section-height-default elementor-section-height-default\" data-id=\"869469a\" data-element_type=\"section\" data-e-type=\"section\">\n\t\t\t\t\t\t<div class=\"elementor-container elementor-column-gap-default\">\n\t\t\t\t\t<div class=\"elementor-column elementor-col-100 elementor-top-column elementor-element elementor-element-cb85444\" data-id=\"cb85444\" data-element_type=\"column\" data-e-type=\"column\">\n\t\t\t<div class=\"elementor-widget-wrap elementor-element-populated\">\n\t\t\t\t\t\t<div class=\"elementor-element elementor-element-f53e297 elementor-widget elementor-widget-heading\" data-id=\"f53e297\" data-element_type=\"widget\" data-e-type=\"widget\" data-widget_type=\"heading.default\">\n\t\t\t\t<div class=\"elementor-widget-container\">\n\t\t\t\t\t<h2 class=\"elementor-heading-title elementor-size-default\">Usteguat Opata<\/h2>\t\t\t\t<\/div>\n\t\t\t\t<\/div>\n\t\t\t\t\t<\/div>\n\t\t<\/div>\n\t\t\t\t\t<\/div>\n\t\t<\/section>\n\t\t\t\t<section class=\"elementor-section elementor-top-section elementor-element elementor-element-9289d08 elementor-section-boxed elementor-section-height-default elementor-section-height-default\" data-id=\"9289d08\" data-element_type=\"section\" data-e-type=\"section\">\n\t\t\t\t\t\t<div class=\"elementor-container elementor-column-gap-default\">\n\t\t\t\t\t<div class=\"elementor-column elementor-col-100 elementor-top-column elementor-element elementor-element-780ad59\" data-id=\"780ad59\" data-element_type=\"column\" data-e-type=\"column\">\n\t\t\t<div class=\"elementor-widget-wrap elementor-element-populated\">\n\t\t\t\t\t\t<div class=\"elementor-element elementor-element-a44bf49 elementor-widget elementor-widget-text-editor\" data-id=\"a44bf49\" data-element_type=\"widget\" data-e-type=\"widget\" data-widget_type=\"text-editor.default\">\n\t\t\t\t<div class=\"elementor-widget-container\">\n\t\t\t\t\t\t\t\t\t<p>En Am\u00e9rica del Norte, nuestra gente tom\u00f3 el apellido o se les pidi\u00f3 que tuvieran apellidos en diferentes momentos en lo que ahora es el pa\u00eds M\u00e9xico o EE. UU. No existe un patr\u00f3n. En lugares con contacto temprano, como en la actual regi\u00f3n de Sonora-Arizona, el hombre tom\u00f3 los nombres \"ingl\u00e9s\" o \"franc\u00e9s\" o \"espa\u00f1ol\". Antes de la llegada de los europeos los Opatas no contaban con apellidos como tal, pero como muchas otras Naciones Ind\u00edgenas se identificaban mencionando el poblado, familia o linaje de padre reconocido en la regi\u00f3n u acontecimiento.<br \/><br \/>Es importante mencionar que, en otros lugares, la gente tom\u00f3 un nombre \"blanco\" y mantuvo un nombre de idioma nativo para uso personal. En otros lugares la gente usaba un nombre de clan. Algunos lugares trataron de escribir el nombre en letras latinas o c\u00f3mo un hablante de ingl\u00e9s podr\u00eda decirlo. Actualmente, todos aquellos de ustedes que han estado investigando a nuestros ancestros, ya sabr\u00e1n que los apellidos Opata que han persistido es porque vienen le lado paterno.<br \/><br \/>Para los que somos Opata pero no tenemos apellido Opata es muy probable que nuestro ancestro Opata fue una mujer y el apellido de ella desapareci\u00f3 en el linaje despu\u00e9s de sus hijos; en cambio en Estados Unidos (a menos que la pareja desee lo contrario o conservar ambos apellidos) los apellidos de la mujer desaparecen al casarse.<br \/><br \/>Adem\u00e1s es importante considerar que hay muchos apellidos que muchas veces pensamos son Opata pero en realidad son Apache, Yoreme (Mayo), Yoeme (Yaqui), Tohono O'odham (Papago), Macurawe (Guarij\u00edo), Akimel O\u2019odham (Pima Alto), Pima Bajo, Tepehuano, etc. A su vez, algunos Opatas se llegaron a casar con algunos de nuestros hermanos de las Naciones Ind\u00edgenas de la regi\u00f3n y estas familias a veces registraron a sus hijos como parte de otra Naci\u00f3n en lugar de como Opatas y viceversa, y finalmente debido a los diferentes eventos hist\u00f3ricos en la regi\u00f3n donde vivieron o donde se llegaron mudar por una mejor vida, podr\u00eda haber sido m\u00e1s conveniente identificarse como otra Naci\u00f3n en lugar de la  Naci\u00f3n Opata.<br \/><br \/>Si su apellido se encuentra en la siguiente lista, esperemos que se sientan orgullosos de ello y que quieran recuperar, practicar y defender su cultura:<br \/><a href=\"https:\/\/docs.google.com\/spreadsheets\/d\/1oOFRjqRxaPKZ4VHjRHPHxBPXPz6T818c6_Wsm-OgHz4\/edit?usp=sharing\" target=\"_blank\" rel=\"noopener\"><strong>Google Sheet con\u00a0Usteguat Opata<\/strong><\/a><\/p>\n<p>En Opata:<br \/>-Usteguat: Apellido.<br \/>-Tegu\u00e2t: Nombre.<\/p>\t\t\t\t\t\t\t\t<\/div>\n\t\t\t\t<\/div>\n\t\t\t\t<div class=\"elementor-element elementor-element-4cbac64 elementor-share-buttons--view-icon-text elementor-share-buttons--skin-gradient elementor-share-buttons--shape-square elementor-grid-0 elementor-share-buttons--color-official elementor-widget elementor-widget-share-buttons\" data-id=\"4cbac64\" data-element_type=\"widget\" data-e-type=\"widget\" data-widget_type=\"share-buttons.default\">\n\t\t\t\t<div class=\"elementor-widget-container\">\n\t\t\t\t\t\t\t<div class=\"elementor-grid\">\n\t\t\t\t\t\t\t\t<div class=\"elementor-grid-item\">\n\t\t\t\t\t\t<div class=\"elementor-share-btn elementor-share-btn_whatsapp\" role=\"button\" tabindex=\"0\" aria-label=\"Share on whatsapp\">\n\t\t\t\t\t\t\t\t\t\t\t\t\t\t\t<span class=\"elementor-share-btn__icon\">\n\t\t\t\t\t\t\t\t<svg aria-hidden=\"true\" class=\"e-font-icon-svg e-fab-whatsapp\" viewbox=\"0 0 448 512\" xmlns=\"http:\/\/www.w3.org\/2000\/svg\"><path d=\"M380.9 97.1C339 55.1 283.2 32 223.9 32c-122.4 0-222 99.6-222 222 0 39.1 10.2 77.3 29.6 111L0 480l117.7-30.9c32.4 17.7 68.9 27 106.1 27h.1c122.3 0 224.1-99.6 224.1-222 0-59.3-25.2-115-67.1-157zm-157 341.6c-33.2 0-65.7-8.9-94-25.7l-6.7-4-69.8 18.3L72 359.2l-4.4-7c-18.5-29.4-28.2-63.3-28.2-98.2 0-101.7 82.8-184.5 184.6-184.5 49.3 0 95.6 19.2 130.4 54.1 34.8 34.9 56.2 81.2 56.1 130.5 0 101.8-84.9 184.6-186.6 184.6zm101.2-138.2c-5.5-2.8-32.8-16.2-37.9-18-5.1-1.9-8.8-2.8-12.5 2.8-3.7 5.6-14.3 18-17.6 21.8-3.2 3.7-6.5 4.2-12 1.4-32.6-16.3-54-29.1-75.5-66-5.7-9.8 5.7-9.1 16.3-30.3 1.8-3.7.9-6.9-.5-9.7-1.4-2.8-12.5-30.1-17.1-41.2-4.5-10.8-9.1-9.3-12.5-9.5-3.2-.2-6.9-.2-10.6-.2-3.7 0-9.7 1.4-14.8 6.9-5.1 5.6-19.4 19-19.4 46.3 0 27.3 19.9 53.7 22.6 57.4 2.8 3.7 39.1 59.7 94.8 83.8 35.2 15.2 49 16.5 66.6 13.9 10.7-1.6 32.8-13.4 37.4-26.4 4.6-13 4.6-24.1 3.2-26.4-1.3-2.5-5-3.9-10.5-6.6z\"><\/path><\/svg>\t\t\t\t\t\t\t<\/span>\n\t\t\t\t\t\t\t\t\t\t\t\t\t\t\t\t\t\t\t\t\t\t<div class=\"elementor-share-btn__text\">\n\t\t\t\t\t\t\t\t\t\t\t\t\t\t\t\t\t\t\t<span class=\"elementor-share-btn__title\">\n\t\t\t\t\t\t\t\t\t\tUsteguat Opata\u200b\t\t\t\t\t\t\t\t\t<\/span>\n\t\t\t\t\t\t\t\t\t\t\t\t\t\t\t\t\t<\/div>\n\t\t\t\t\t\t\t\t\t\t\t\t\t<\/div>\n\t\t\t\t\t<\/div>\n\t\t\t\t\t\t<\/div>\n\t\t\t\t\t\t<\/div>\n\t\t\t\t<\/div>\n\t\t\t\t\t<\/div>\n\t\t<\/div>\n\t\t\t\t\t<\/div>\n\t\t<\/section>\n\t\t\t\t<\/div>","protected":false},"excerpt":{"rendered":"<p>Usteguat Opata In North America, our people took the surname or were asked to have surnames at different times in what is now the country Mexico or USA. UU. There&#8230;<\/p>","protected":false},"author":1,"featured_media":0,"parent":0,"menu_order":0,"comment_status":"closed","ping_status":"closed","template":"","meta":{"_themeisle_gutenberg_block_has_review":false,"jetpack_post_was_ever_published":false,"footnotes":""},"class_list":["post-1085","page","type-page","status-publish","hentry"],"jetpack_shortlink":"https:\/\/wp.me\/P9Bxi6-hv","jetpack-related-posts":[],"jetpack_sharing_enabled":true,"_links":{"self":[{"href":"https:\/\/opatanation.org\/es\/wp-json\/wp\/v2\/pages\/1085","targetHints":{"allow":["GET"]}}],"collection":[{"href":"https:\/\/opatanation.org\/es\/wp-json\/wp\/v2\/pages"}],"about":[{"href":"https:\/\/opatanation.org\/es\/wp-json\/wp\/v2\/types\/page"}],"author":[{"embeddable":true,"href":"https:\/\/opatanation.org\/es\/wp-json\/wp\/v2\/users\/1"}],"replies":[{"embeddable":true,"href":"https:\/\/opatanation.org\/es\/wp-json\/wp\/v2\/comments?post=1085"}],"version-history":[{"count":0,"href":"https:\/\/opatanation.org\/es\/wp-json\/wp\/v2\/pages\/1085\/revisions"}],"wp:attachment":[{"href":"https:\/\/opatanation.org\/es\/wp-json\/wp\/v2\/media?parent=1085"}],"curies":[{"name":"wp","href":"https:\/\/api.w.org\/{rel}","templated":true}]}}