{"id":1372,"date":"2020-08-01T22:35:31","date_gmt":"2020-08-01T22:35:31","guid":{"rendered":"https:\/\/opatanation.org\/?page_id=1372"},"modified":"2021-09-19T19:07:07","modified_gmt":"2021-09-19T19:07:07","slug":"am-i-an-opata","status":"publish","type":"page","link":"https:\/\/opatanation.org\/es\/am-i-an-opata","title":{"rendered":"\u00bfSoy un Opata?"},"content":{"rendered":"<div data-elementor-type=\"wp-page\" data-elementor-id=\"1372\" class=\"elementor elementor-1372\" data-elementor-settings=\"{&quot;element_pack_global_tooltip_width&quot;:{&quot;unit&quot;:&quot;px&quot;,&quot;size&quot;:&quot;&quot;,&quot;sizes&quot;:[]},&quot;element_pack_global_tooltip_width_tablet&quot;:{&quot;unit&quot;:&quot;px&quot;,&quot;size&quot;:&quot;&quot;,&quot;sizes&quot;:[]},&quot;element_pack_global_tooltip_width_mobile&quot;:{&quot;unit&quot;:&quot;px&quot;,&quot;size&quot;:&quot;&quot;,&quot;sizes&quot;:[]},&quot;element_pack_global_tooltip_padding&quot;:{&quot;unit&quot;:&quot;px&quot;,&quot;top&quot;:&quot;&quot;,&quot;right&quot;:&quot;&quot;,&quot;bottom&quot;:&quot;&quot;,&quot;left&quot;:&quot;&quot;,&quot;isLinked&quot;:true},&quot;element_pack_global_tooltip_padding_tablet&quot;:{&quot;unit&quot;:&quot;px&quot;,&quot;top&quot;:&quot;&quot;,&quot;right&quot;:&quot;&quot;,&quot;bottom&quot;:&quot;&quot;,&quot;left&quot;:&quot;&quot;,&quot;isLinked&quot;:true},&quot;element_pack_global_tooltip_padding_mobile&quot;:{&quot;unit&quot;:&quot;px&quot;,&quot;top&quot;:&quot;&quot;,&quot;right&quot;:&quot;&quot;,&quot;bottom&quot;:&quot;&quot;,&quot;left&quot;:&quot;&quot;,&quot;isLinked&quot;:true},&quot;element_pack_global_tooltip_border_radius&quot;:{&quot;unit&quot;:&quot;px&quot;,&quot;top&quot;:&quot;&quot;,&quot;right&quot;:&quot;&quot;,&quot;bottom&quot;:&quot;&quot;,&quot;left&quot;:&quot;&quot;,&quot;isLinked&quot;:true},&quot;element_pack_global_tooltip_border_radius_tablet&quot;:{&quot;unit&quot;:&quot;px&quot;,&quot;top&quot;:&quot;&quot;,&quot;right&quot;:&quot;&quot;,&quot;bottom&quot;:&quot;&quot;,&quot;left&quot;:&quot;&quot;,&quot;isLinked&quot;:true},&quot;element_pack_global_tooltip_border_radius_mobile&quot;:{&quot;unit&quot;:&quot;px&quot;,&quot;top&quot;:&quot;&quot;,&quot;right&quot;:&quot;&quot;,&quot;bottom&quot;:&quot;&quot;,&quot;left&quot;:&quot;&quot;,&quot;isLinked&quot;:true}}\" data-elementor-post-type=\"page\">\n\t\t\t\t\t\t<section class=\"elementor-section elementor-top-section elementor-element elementor-element-622e83f2 elementor-section-boxed elementor-section-height-default elementor-section-height-default\" data-id=\"622e83f2\" data-element_type=\"section\" data-e-type=\"section\">\n\t\t\t\t\t\t<div class=\"elementor-container elementor-column-gap-default\">\n\t\t\t\t\t<div class=\"elementor-column elementor-col-100 elementor-top-column elementor-element elementor-element-62cde2b4\" data-id=\"62cde2b4\" data-element_type=\"column\" data-e-type=\"column\">\n\t\t\t<div class=\"elementor-widget-wrap elementor-element-populated\">\n\t\t\t\t\t\t<div class=\"elementor-element elementor-element-415ce2b6 elementor-widget elementor-widget-text-editor\" data-id=\"415ce2b6\" data-element_type=\"widget\" data-e-type=\"widget\" data-widget_type=\"text-editor.default\">\n\t\t\t\t<div class=\"elementor-widget-container\">\n\t\t\t\t\t\t\t\t\t\n<div id=\"wp-block-themeisle-blocks-advanced-columns-fb604d0d\" class=\"wp-block-themeisle-blocks-advanced-columns has-undefined-columns has-desktop-undefined-layout has-tablet-equal-layout has-mobile-equal-layout has-default-gap has-vertical-unset\">\n<div class=\"innerblocks-wrap\"><span style=\"font-family: Poppins, sans-serif;\">Basado en diferentes circunstancias, algunos Opatas podr\u00edan encontrar m\u00e1s f\u00e1cil confirmar su linaje ancestral particular de Opata. La cantidad de sangre no es una medida de la \"indigenidad\" de uno, pero inicialmente fue utilizada por no nativos para sus propios fines. No hay tal cosa como sangre pura, mestizo, ni ninguna otra terminolog\u00eda hecha por los colonizadores. Deber\u00edamos dejar de usarlo. Si uno de tus antepasados de l\u00ednea directa era un Opata, entonces, tambi\u00e9n eres un Opata, punto.<\/span><\/div>\n<\/div>\n\t\t\t\t\t\t\t\t<\/div>\n\t\t\t\t<\/div>\n\t\t\t\t<div class=\"elementor-element elementor-element-4fb1a7b elementor-widget elementor-widget-text-editor\" data-id=\"4fb1a7b\" data-element_type=\"widget\" data-e-type=\"widget\" data-widget_type=\"text-editor.default\">\n\t\t\t\t<div class=\"elementor-widget-container\">\n\t\t\t\t\t\t\t\t\t<p><span style=\"font-weight: 400;\">No todas las personas, incluso de los pueblos de Opateria, son Opatas. Hubo una afluencia masiva de europeos y mexicanos del sur en diferentes etapas que se hicieron cargo de las tierras de Opata. Por lo tanto, algunas comunidades de Opata pasaron de estar 100% habitadas por Opatas a 0% habitadas por Opatas. Es crucial hacer este comentario sin intenci\u00f3n de desacreditar la informaci\u00f3n que comparte.<\/span><\/p>\t\t\t\t\t\t\t\t<\/div>\n\t\t\t\t<\/div>\n\t\t\t\t<div class=\"elementor-element elementor-element-022cdf9 elementor-widget elementor-widget-text-editor\" data-id=\"022cdf9\" data-element_type=\"widget\" data-e-type=\"widget\" data-widget_type=\"text-editor.default\">\n\t\t\t\t<div class=\"elementor-widget-container\">\n\t\t\t\t\t\t\t\t\t<p><span style=\"font-weight: 400;\">Ciertamente queremos tratar de guiarte y ayudarte a aclarar si tu antepasado fue posiblemente un Opata. No se desanime en este proceso: puede llevar d\u00edas, meses o incluso a\u00f1os.<\/span><\/p>\t\t\t\t\t\t\t\t<\/div>\n\t\t\t\t<\/div>\n\t\t\t\t<div class=\"elementor-element elementor-element-5167d23 elementor-widget elementor-widget-text-editor\" data-id=\"5167d23\" data-element_type=\"widget\" data-e-type=\"widget\" data-widget_type=\"text-editor.default\">\n\t\t\t\t<div class=\"elementor-widget-container\">\n\t\t\t\t\t\t\t\t\t<p><span style=\"font-weight: 400;\">Las siguientes preguntas \/ puntos lo ayudar\u00e1n en este viaje:<\/span><\/p>\n<ul>\n<li><span style=\"font-weight: 400;\">\u00bfEl apellido de alg\u00fan antepasado suyo tiene alguno de los siguientes <a href=\"https:\/\/opatanation.org\/es\/last-names\/\" target=\"_blank\" rel=\"noopener\">apellidos?<\/a>?<\/span><\/li>\n<li><span style=\"font-weight: 400;\">\u00bfAlguno de los certificados de nacimiento, matrimonio y bautismo de sus antepasados menciona que son ind\u00edgenas, indio, y opata? (Por lo general, los documentos anteriores a 1810 tendr\u00e1n dicha informaci\u00f3n)?<\/span><\/li>\n<li><span style=\"font-weight: 400;\">\u00bfDe qu\u00e9 otra manera est\u00e1s seguro de que eres un Opata y no eres de una naci\u00f3n ind\u00edgena diferente?<\/span><\/li>\n<li><span style=\"font-weight: 400;\">\u00bfPor cu\u00e1ntas generaciones ha vivido la posible familia de ancestros Opata en el pueblo de <a href=\"https:\/\/opatanation.org\/es\/opateria\/\" target=\"_blank\" rel=\"noopener\">Opateria<\/a>?<\/span><\/li>\n<li>\u00bfHa documentado las posibles historias principales contadas por su familia sobre su herencia Opata y la ha vinculado a una regi\u00f3n particular de la Opateria y a un per\u00edodo de tiempo?<\/li>\n<\/ul>\t\t\t\t\t\t\t\t<\/div>\n\t\t\t\t<\/div>\n\t\t\t\t<div class=\"elementor-element elementor-element-6be5827 elementor-widget elementor-widget-text-editor\" data-id=\"6be5827\" data-element_type=\"widget\" data-e-type=\"widget\" data-widget_type=\"text-editor.default\">\n\t\t\t\t<div class=\"elementor-widget-container\">\n\t\t\t\t\t\t\t\t\t<p><span style=\"font-weight: 400;\">Los siguientes recursos no est\u00e1n destinados a considerarse los \u00fanicos recursos disponibles, sino m\u00e1s bien como una forma de comenzar su viaje de investigaci\u00f3n. El punto cr\u00edtico aqu\u00ed es que no hay un enfoque de \"uno para todos\" para confirmar el linaje de Opata para todos los descendientes posibles. El mejor enfoque es una combinaci\u00f3n personalizada de las fuentes mencionadas a continuaci\u00f3n. Estos son algunos de los m\u00e1s comunes:<\/span><\/p>\n<ol>\n<li><span style=\"font-weight: 400;\">Historia familiar oral.<\/span><\/li>\n<li><span style=\"font-weight: 400;\">Genealog\u00eda.<\/span><\/li>\n<li><span style=\"font-weight: 400;\">Registros de la iglesia y registros del gobierno.<\/span><\/li>\n<li><span style=\"font-weight: 400;\">Eventos hist\u00f3ricos.<\/span><\/li>\n<li><span style=\"font-weight: 400;\"><a href=\"https:\/\/www.facebook.com\/Asociaci%C3%B3n-de-Cronistas-Sonorenses-ACROS-111622010421280\/\" target=\"_blank\" rel=\"noopener\">Cronistas<\/a> de la regi\u00f3n.<\/span><\/li>\n<li><span style=\"font-weight: 400;\"><a href=\"https:\/\/docs.google.com\/spreadsheets\/d\/1fCOwyUb3U5-WwVpmN-gMmdJEfjmEPw30EZREQAlKkQI\/edit?usp=sharing\" target=\"_blank\" rel=\"noopener\">Registros gratuitos de FamilySearch<\/a>.<\/span><\/li>\n<li><span style=\"font-weight: 400;\">Opata apellidos que no fueron adquiridos por matrimonio por el antepasado en cuesti\u00f3n.<\/span><\/li>\n<li>ADN, particularmente para el lado Opata (pruebas de ADN-Y, ADNmt y \/ o ADN autos\u00f3mico). Si decide realizar alguna de estas pruebas, investigue antes de gastar recursos en ellas. Adem\u00e1s, creemos que el mejor es el FamilyTreeDNA. Pero en el futuro, ser\u00e1 <a href=\"https:\/\/www.somosancestria.com\/\" target=\"_blank\" rel=\"noopener\">SOMOS Ancestria<\/a>, ya que est\u00e1 prevista una colaboraci\u00f3n con ellos.<\/li>\n<li><span style=\"font-weight: 400;\">Facebook Groups for researchers:<br \/><a href=\"https:\/\/www.facebook.com\/groups\/ApellidosdeSonora\/\" target=\"_blank\" rel=\"noopener\">Apellidos de Sonora, Grupo de Estudio (ASGE)<\/a><br \/><a href=\"https:\/\/www.facebook.com\/groups\/1176254035735078\/\" target=\"_blank\" rel=\"noopener\">Chihuahua State Genealogy Group<\/a><br \/><a href=\"https:\/\/www.facebook.com\/groups\/1817340275187746\/\" target=\"_blank\" rel=\"noopener\">Sonora State Genealogy Group<\/a><br \/><a href=\"https:\/\/www.facebook.com\/groups\/1248669155305688\/\" target=\"_blank\" rel=\"noopener\">Northern New Spain<\/a><br \/><\/span><\/li>\n<li><span style=\"font-weight: 400;\"><a href=\"https:\/\/docs.google.com\/document\/d\/1vDDnumO6eSUPphXJ3wx-_t-5pw0vNDmQQ3_Cusp_7QQ\/edit?usp=sharing\" target=\"_blank\" rel=\"noopener\">Gu\u00eda compilada<\/a> (disponible solo en espa\u00f1ol).<\/span><\/li>\n<li><span style=\"font-weight: 400;\">Nuestro <a href=\"https:\/\/docs.google.com\/document\/d\/1XefA2OYbF7dFYu6TRoKtc4eSOpm3RhahiLXuzS2hAdw\/edit?usp=sharing\" target=\"_blank\" rel=\"noopener\">proyecto de Historia Opata<\/a>.<\/span><\/li>\n<li>Tambi\u00e9n es importante comprender la din\u00e1mica de los <a href=\"http:\/\/lrc.salemstate.edu\/hispanics\/other\/Naming_Conventions_of_Spanish-Speaking_Cultures.htm?fbclid=IwAR2H4QRRpVdIINpxGWWInbqBuJVIos8RkcoR73UaB9hsmIR6DwLzYniIv8w\" target=\"_blank\" rel=\"noopener\">apellidos en el pasado.<\/a>.<\/li>\n<li><a href=\"https:\/\/youtu.be\/8R3FMyzKbS0\" target=\"_blank\" rel=\"noopener\">Searching for Your Indigenous Roots in Mexico<\/a> por LA Public Library.<\/li>\n<li><span style=\"font-weight: 400;\"><span style=\"font-weight: 400;\">Los principales grupos considerados Opata: Eudeve \/ Eudeva \/ Dohema \/ Heve, Jova y Tehuima \/ Teg\u00fcima (<a href=\"https:\/\/opatanation.org\/es\/language\/\" target=\"_blank\" rel=\"noopener\">Referencia<\/a>).<\/span><\/span>\n<p>Otras subfamilias Opata:<\/p>\n<p>\u00a0<\/p>\n<\/li>\n<\/ol>\t\t\t\t\t\t\t\t<\/div>\n\t\t\t\t<\/div>\n\t\t\t\t<section class=\"elementor-section elementor-inner-section elementor-element elementor-element-135f57b elementor-section-boxed elementor-section-height-default elementor-section-height-default\" data-id=\"135f57b\" data-element_type=\"section\" data-e-type=\"section\">\n\t\t\t\t\t\t<div class=\"elementor-container elementor-column-gap-default\">\n\t\t\t\t\t<div class=\"elementor-column elementor-col-33 elementor-inner-column elementor-element elementor-element-4e3edff\" data-id=\"4e3edff\" data-element_type=\"column\" data-e-type=\"column\">\n\t\t\t<div class=\"elementor-widget-wrap elementor-element-populated\">\n\t\t\t\t\t\t<div class=\"elementor-element elementor-element-3734f7c elementor-widget elementor-widget-text-editor\" data-id=\"3734f7c\" data-element_type=\"widget\" data-e-type=\"widget\" data-widget_type=\"text-editor.default\">\n\t\t\t\t<div class=\"elementor-widget-container\">\n\t\t\t\t\t\t\t\t\t<p><span style=\"font-weight: 400;\">Aivinos<br \/><\/span><span style=\"font-weight: 400;\">Aritzpas<br \/><\/span><span style=\"font-weight: 400;\">Bab\u00eecoris<br \/><\/span><span style=\"font-weight: 400;\">Bacabachis<br \/><\/span><span style=\"font-weight: 400;\">Bacad\u00eaguachis<br \/><\/span><span style=\"font-weight: 400;\">Baceracas<br \/><\/span><span style=\"font-weight: 400;\">Bacoachis<br \/><\/span><span style=\"font-weight: 400;\">Ban\u00e2michis<br \/><\/span><span style=\"font-weight: 400;\">Batucas<br \/><\/span><span style=\"font-weight: 400;\">Basiroas<br \/><\/span><span style=\"font-weight: 400;\">Babispas<br \/><\/span><span style=\"font-weight: 400;\">Ca\u00fcinachis<br \/><\/span><span style=\"font-weight: 400;\">Contrias<br \/><\/span><span style=\"font-weight: 400;\">Cucurpas<br \/>Cumuripas<\/span><\/p>\t\t\t\t\t\t\t\t<\/div>\n\t\t\t\t<\/div>\n\t\t\t\t\t<\/div>\n\t\t<\/div>\n\t\t\t\t<div class=\"elementor-column elementor-col-33 elementor-inner-column elementor-element elementor-element-321166d\" data-id=\"321166d\" data-element_type=\"column\" data-e-type=\"column\">\n\t\t\t<div class=\"elementor-widget-wrap elementor-element-populated\">\n\t\t\t\t\t\t<div class=\"elementor-element elementor-element-cc9a9cc elementor-widget elementor-widget-text-editor\" data-id=\"cc9a9cc\" data-element_type=\"widget\" data-e-type=\"widget\" data-widget_type=\"text-editor.default\">\n\t\t\t\t<div class=\"elementor-widget-container\">\n\t\t\t\t\t\t\t\t\t<p><span style=\"font-weight: 400;\">Cumupas<br \/><\/span><span style=\"font-weight: 400;\">Cuqui\u00e2rachis<br \/><\/span><span style=\"font-weight: 400;\">Hegues<br \/><\/span><span style=\"font-weight: 400;\">H\u00eeos<br \/><\/span><span style=\"font-weight: 400;\">Guachineris<br \/><\/span><span style=\"font-weight: 400;\">Gu\u00e2sabas<br \/><\/span><span style=\"font-weight: 400;\">G\u00fcepacas<br \/><\/span><span style=\"font-weight: 400;\">Imeris<br \/><\/span><span style=\"font-weight: 400;\">Jobales<br \/><\/span><span style=\"font-weight: 400;\">Movas<br \/><\/span><span style=\"font-weight: 400;\">Nacameris<br \/><\/span><span style=\"font-weight: 400;\">N\u00e2coris<br \/><\/span><span style=\"font-weight: 400;\">Nuris<br \/>Obatamas<br \/>Opothus<\/span><\/p>\t\t\t\t\t\t\t\t<\/div>\n\t\t\t\t<\/div>\n\t\t\t\t\t<\/div>\n\t\t<\/div>\n\t\t\t\t<div class=\"elementor-column elementor-col-33 elementor-inner-column elementor-element elementor-element-62cfd3d\" data-id=\"62cfd3d\" data-element_type=\"column\" data-e-type=\"column\">\n\t\t\t<div class=\"elementor-widget-wrap elementor-element-populated\">\n\t\t\t\t\t\t<div class=\"elementor-element elementor-element-77c14c4 elementor-widget elementor-widget-text-editor\" data-id=\"77c14c4\" data-element_type=\"widget\" data-e-type=\"widget\" data-widget_type=\"text-editor.default\">\n\t\t\t\t<div class=\"elementor-widget-container\">\n\t\t\t\t\t\t\t\t\t<p><span style=\"font-weight: 400;\">Potlatihuas<br \/><\/span><span style=\"font-weight: 400;\">Quicamopas<br \/><\/span><span style=\"font-weight: 400;\">Saguairipitas<br \/><\/span><span style=\"font-weight: 400;\">Sisibotaris<br \/><\/span><span style=\"font-weight: 400;\">Sobas<br \/><\/span><span style=\"font-weight: 400;\">Suaquis<br \/><\/span><span style=\"font-weight: 400;\">Soris<br \/><\/span><span style=\"font-weight: 400;\">Tehuinachis<br \/><\/span><span style=\"font-weight: 400;\">Tehuis\/Teg\u00fcis<br \/><\/span><span style=\"font-weight: 400;\">Tehuizos<br \/><\/span><span style=\"font-weight: 400;\">Teparantanas<br \/><\/span><span style=\"font-weight: 400;\">Tepupas<br \/>Toapas<br \/>Topahuis<br \/>Uris<\/span><\/p>\t\t\t\t\t\t\t\t<\/div>\n\t\t\t\t<\/div>\n\t\t\t\t\t<\/div>\n\t\t<\/div>\n\t\t\t\t\t<\/div>\n\t\t<\/section>\n\t\t\t\t<div class=\"elementor-element elementor-element-cd34348 elementor-widget elementor-widget-text-editor\" data-id=\"cd34348\" data-element_type=\"widget\" data-e-type=\"widget\" data-widget_type=\"text-editor.default\">\n\t\t\t\t<div class=\"elementor-widget-container\">\n\t\t\t\t\t\t\t\t\t<p><b>Notas importantes:<\/b><\/p>\n<p>-Tenga en cuenta que la palabra \"Opata\" tambi\u00e9n es un apellido del continente africano y la Rep\u00fablica Checa. Estos apellidos no tienen conexiones con nosotros.<\/p>\n<p><span style=\"font-weight: 400;\">-Nuestro grupo privado actual de Facebook es <strong>solo<\/strong> para aquellas personas que han sido confirmadas como Opata.<\/span><\/p>\n<p><span style=\"font-weight: 400;\">-En este momento, <strong>NO estamos<\/strong> recibiendo solicitudes o procesando cualquier tipo de tarjetas de membres\u00eda.<\/span><\/p>\n<p>-Si su apellido es <strong>Machichi<\/strong> y todos sus antepasados nacieron y vivieron en la Opater\u00eda y no llegaron desde Europa u  otra parte de M\u00e9xico entonces si es un Opata. Esto porque existe el apellido Machichi (o una palaba que suena igual y que fue documentada de la misma manera) en la regi\u00f3n norte de lo que hoy es Marruecos, Francia y otros sitios.<\/p>\t\t\t\t\t\t\t\t<\/div>\n\t\t\t\t<\/div>\n\t\t\t\t\t<\/div>\n\t\t<\/div>\n\t\t\t\t\t<\/div>\n\t\t<\/section>\n\t\t\t\t<\/div>","protected":false},"excerpt":{"rendered":"<p>Not all people, even from Opateria towns, are Opatas. There was a massive influx of Europeans and Mexicans from the South in different stages who took over the Opata lands&#8230;.<\/p>","protected":false},"author":1,"featured_media":0,"parent":0,"menu_order":0,"comment_status":"closed","ping_status":"closed","template":"","meta":{"_themeisle_gutenberg_block_has_review":false,"jetpack_post_was_ever_published":false,"footnotes":""},"class_list":["post-1372","page","type-page","status-publish","hentry"],"jetpack_shortlink":"https:\/\/wp.me\/P9Bxi6-m8","jetpack-related-posts":[],"jetpack_sharing_enabled":true,"_links":{"self":[{"href":"https:\/\/opatanation.org\/es\/wp-json\/wp\/v2\/pages\/1372","targetHints":{"allow":["GET"]}}],"collection":[{"href":"https:\/\/opatanation.org\/es\/wp-json\/wp\/v2\/pages"}],"about":[{"href":"https:\/\/opatanation.org\/es\/wp-json\/wp\/v2\/types\/page"}],"author":[{"embeddable":true,"href":"https:\/\/opatanation.org\/es\/wp-json\/wp\/v2\/users\/1"}],"replies":[{"embeddable":true,"href":"https:\/\/opatanation.org\/es\/wp-json\/wp\/v2\/comments?post=1372"}],"version-history":[{"count":0,"href":"https:\/\/opatanation.org\/es\/wp-json\/wp\/v2\/pages\/1372\/revisions"}],"wp:attachment":[{"href":"https:\/\/opatanation.org\/es\/wp-json\/wp\/v2\/media?parent=1372"}],"curies":[{"name":"wp","href":"https:\/\/api.w.org\/{rel}","templated":true}]}}