{"id":671,"date":"2019-03-12T03:29:42","date_gmt":"2019-03-12T03:29:42","guid":{"rendered":"http:\/\/opatanation.org\/?page_id=671"},"modified":"2020-12-04T05:06:58","modified_gmt":"2020-12-04T05:06:58","slug":"about","status":"publish","type":"page","link":"https:\/\/opatanation.org\/es\/about","title":{"rendered":"Nosotros"},"content":{"rendered":"<div data-elementor-type=\"wp-post\" data-elementor-id=\"671\" class=\"elementor elementor-671\" data-elementor-settings=\"{&quot;element_pack_global_tooltip_width&quot;:{&quot;unit&quot;:&quot;px&quot;,&quot;size&quot;:&quot;&quot;,&quot;sizes&quot;:[]},&quot;element_pack_global_tooltip_width_tablet&quot;:{&quot;unit&quot;:&quot;px&quot;,&quot;size&quot;:&quot;&quot;,&quot;sizes&quot;:[]},&quot;element_pack_global_tooltip_width_mobile&quot;:{&quot;unit&quot;:&quot;px&quot;,&quot;size&quot;:&quot;&quot;,&quot;sizes&quot;:[]},&quot;element_pack_global_tooltip_padding&quot;:{&quot;unit&quot;:&quot;px&quot;,&quot;top&quot;:&quot;&quot;,&quot;right&quot;:&quot;&quot;,&quot;bottom&quot;:&quot;&quot;,&quot;left&quot;:&quot;&quot;,&quot;isLinked&quot;:true},&quot;element_pack_global_tooltip_padding_tablet&quot;:{&quot;unit&quot;:&quot;px&quot;,&quot;top&quot;:&quot;&quot;,&quot;right&quot;:&quot;&quot;,&quot;bottom&quot;:&quot;&quot;,&quot;left&quot;:&quot;&quot;,&quot;isLinked&quot;:true},&quot;element_pack_global_tooltip_padding_mobile&quot;:{&quot;unit&quot;:&quot;px&quot;,&quot;top&quot;:&quot;&quot;,&quot;right&quot;:&quot;&quot;,&quot;bottom&quot;:&quot;&quot;,&quot;left&quot;:&quot;&quot;,&quot;isLinked&quot;:true},&quot;element_pack_global_tooltip_border_radius&quot;:{&quot;unit&quot;:&quot;px&quot;,&quot;top&quot;:&quot;&quot;,&quot;right&quot;:&quot;&quot;,&quot;bottom&quot;:&quot;&quot;,&quot;left&quot;:&quot;&quot;,&quot;isLinked&quot;:true},&quot;element_pack_global_tooltip_border_radius_tablet&quot;:{&quot;unit&quot;:&quot;px&quot;,&quot;top&quot;:&quot;&quot;,&quot;right&quot;:&quot;&quot;,&quot;bottom&quot;:&quot;&quot;,&quot;left&quot;:&quot;&quot;,&quot;isLinked&quot;:true},&quot;element_pack_global_tooltip_border_radius_mobile&quot;:{&quot;unit&quot;:&quot;px&quot;,&quot;top&quot;:&quot;&quot;,&quot;right&quot;:&quot;&quot;,&quot;bottom&quot;:&quot;&quot;,&quot;left&quot;:&quot;&quot;,&quot;isLinked&quot;:true}}\" data-elementor-post-type=\"page\">\n\t\t\t\t\t\t<section class=\"elementor-section elementor-top-section elementor-element elementor-element-e6f6210 elementor-section-boxed elementor-section-height-default elementor-section-height-default\" data-id=\"e6f6210\" data-element_type=\"section\" data-e-type=\"section\">\n\t\t\t\t\t\t<div class=\"elementor-container elementor-column-gap-default\">\n\t\t\t\t\t<div class=\"elementor-column elementor-col-100 elementor-top-column elementor-element elementor-element-f1fbf58\" data-id=\"f1fbf58\" data-element_type=\"column\" data-e-type=\"column\">\n\t\t\t<div class=\"elementor-widget-wrap elementor-element-populated\">\n\t\t\t\t\t\t<div class=\"elementor-element elementor-element-43e71753 elementor-widget elementor-widget-image\" data-id=\"43e71753\" data-element_type=\"widget\" data-e-type=\"widget\" data-widget_type=\"image.default\">\n\t\t\t\t<div class=\"elementor-widget-container\">\n\t\t\t\t\t\t\t\t\t\t\t\t\t\t\t<img fetchpriority=\"high\" decoding=\"async\" data-attachment-id=\"871\" data-permalink=\"https:\/\/opatanation.org\/es\/about\/opatas\" data-orig-file=\"https:\/\/i0.wp.com\/opatanation.org\/wp-content\/uploads\/2019\/04\/Opatas.jpg?fit=768%2C768&amp;ssl=1\" data-orig-size=\"768,768\" data-comments-opened=\"1\" data-image-meta=\"{&quot;aperture&quot;:&quot;0&quot;,&quot;credit&quot;:&quot;&quot;,&quot;camera&quot;:&quot;&quot;,&quot;caption&quot;:&quot;&quot;,&quot;created_timestamp&quot;:&quot;0&quot;,&quot;copyright&quot;:&quot;&quot;,&quot;focal_length&quot;:&quot;0&quot;,&quot;iso&quot;:&quot;0&quot;,&quot;shutter_speed&quot;:&quot;0&quot;,&quot;title&quot;:&quot;&quot;,&quot;orientation&quot;:&quot;1&quot;}\" data-image-title=\"Opatas\" data-image-description=\"\" data-image-caption=\"\" data-medium-file=\"https:\/\/i0.wp.com\/opatanation.org\/wp-content\/uploads\/2019\/04\/Opatas.jpg?fit=300%2C300&amp;ssl=1\" data-large-file=\"https:\/\/i0.wp.com\/opatanation.org\/wp-content\/uploads\/2019\/04\/Opatas.jpg?fit=640%2C640&amp;ssl=1\" width=\"640\" height=\"640\" src=\"https:\/\/i0.wp.com\/opatanation.org\/wp-content\/uploads\/2019\/04\/Opatas.jpg?fit=640%2C640&amp;ssl=1\" class=\"attachment-large size-large wp-image-871\" alt=\"\" srcset=\"https:\/\/i0.wp.com\/opatanation.org\/wp-content\/uploads\/2019\/04\/Opatas.jpg?w=768&amp;ssl=1 768w, https:\/\/i0.wp.com\/opatanation.org\/wp-content\/uploads\/2019\/04\/Opatas.jpg?resize=150%2C150&amp;ssl=1 150w, https:\/\/i0.wp.com\/opatanation.org\/wp-content\/uploads\/2019\/04\/Opatas.jpg?resize=300%2C300&amp;ssl=1 300w, https:\/\/i0.wp.com\/opatanation.org\/wp-content\/uploads\/2019\/04\/Opatas.jpg?resize=450%2C450&amp;ssl=1 450w\" sizes=\"(max-width: 640px) 100vw, 640px\" \/>\t\t\t\t\t\t\t\t\t\t\t\t\t\t\t<\/div>\n\t\t\t\t<\/div>\n\t\t\t\t<section class=\"elementor-section elementor-inner-section elementor-element elementor-element-a96cbd7 elementor-section-boxed elementor-section-height-default elementor-section-height-default\" data-id=\"a96cbd7\" data-element_type=\"section\" data-e-type=\"section\">\n\t\t\t\t\t\t<div class=\"elementor-container elementor-column-gap-default\">\n\t\t\t\t\t<div class=\"elementor-column elementor-col-100 elementor-inner-column elementor-element elementor-element-ed52a43\" data-id=\"ed52a43\" data-element_type=\"column\" data-e-type=\"column\">\n\t\t\t<div class=\"elementor-widget-wrap elementor-element-populated\">\n\t\t\t\t\t\t<div class=\"elementor-element elementor-element-736a64ee elementor-widget elementor-widget-heading\" data-id=\"736a64ee\" data-element_type=\"widget\" data-e-type=\"widget\" data-widget_type=\"heading.default\">\n\t\t\t\t<div class=\"elementor-widget-container\">\n\t\t\t\t\t<h3 class=\"elementor-heading-title elementor-size-default\">Pueblo Originario Opata<\/h3>\t\t\t\t<\/div>\n\t\t\t\t<\/div>\n\t\t\t\t<div class=\"elementor-element elementor-element-11aec5aa elementor-drop-cap-yes elementor-drop-cap-view-default elementor-widget elementor-widget-text-editor\" data-id=\"11aec5aa\" data-element_type=\"widget\" data-e-type=\"widget\" data-settings=\"{&quot;drop_cap&quot;:&quot;yes&quot;}\" data-widget_type=\"text-editor.default\">\n\t\t\t\t<div class=\"elementor-widget-container\">\n\t\t\t\t\t\t\t\t\t<p>Los Opata te invitamos a unirte a nosotros en trabajar por la recuperaci\u00f3n de nuestro idioma, cultura y brindar una fuente \u00fanica de informaci\u00f3n sobre nuestra naci\u00f3n, conformada principalmente por las familias Teg\u00fcima, Teg\u00fci, Eudeve, Ca\u00fcinachi y Jova, conocidas colectivamente como los Opata de la <a href=\"https:\/\/opatanation.org\/es\/opateria\/\" target=\"_blank\" rel=\"noopener\">Regi\u00f3n de Sonora \/ Chihuahua-Arizona<\/a>.<\/p><p>La p\u00e9rdida de identidad de los Opatas se debi\u00f3 a una combinaci\u00f3n de razones. A continuaci\u00f3n, hay una lista de razones que comienzan con la llegada de los espa\u00f1oles y contin\u00faan a trav\u00e9s de la independencia de M\u00e9xico y la Revoluci\u00f3n:<\/p>\t\t\t\t\t\t\t\t<\/div>\n\t\t\t\t<\/div>\n\t\t\t\t\t<\/div>\n\t\t<\/div>\n\t\t\t\t\t<\/div>\n\t\t<\/section>\n\t\t\t\t<section class=\"elementor-section elementor-inner-section elementor-element elementor-element-a20cae1 elementor-section-boxed elementor-section-height-default elementor-section-height-default\" data-id=\"a20cae1\" data-element_type=\"section\" data-e-type=\"section\">\n\t\t\t\t\t\t<div class=\"elementor-container elementor-column-gap-default\">\n\t\t\t\t\t<div class=\"elementor-column elementor-col-50 elementor-inner-column elementor-element elementor-element-a8d0543\" data-id=\"a8d0543\" data-element_type=\"column\" data-e-type=\"column\">\n\t\t\t<div class=\"elementor-widget-wrap elementor-element-populated\">\n\t\t\t\t\t\t<div class=\"elementor-element elementor-element-6de4371 elementor-widget elementor-widget-text-editor\" data-id=\"6de4371\" data-element_type=\"widget\" data-e-type=\"widget\" data-widget_type=\"text-editor.default\">\n\t\t\t\t<div class=\"elementor-widget-container\">\n\t\t\t\t\t\t\t\t\t<p>-La enfermedad, la guerra y el hambre redujeron la poblaci\u00f3n de la Opater\u00eda. Algunas estimaciones sit\u00faan a la poblaci\u00f3n en 60.000 al momento del primer contacto.<\/p><p>-Opatas que se opusieron a los misioneros alrededor de 1622 en \u00e1rea de Matape fueron asesinados por una expedici\u00f3n de dos mil soldados liderada por el capit\u00e1n Hurdaide precisamente para poner fin a esta oposici\u00f3n, los cuales dejaron vivos a 400 ni\u00f1os que quedaron hu\u00e9rfanos y m\u00e1s adelante estos ni\u00f1os fueron bautizados e indoctrinados por los Jesuitas.<\/p><p>-El miedo a perder propiedades, ni\u00f1os, derechos, trato justo, etc., por ser un nativo americano en M\u00e9xico.<\/p><p>-La pol\u00edtica del gobierno mexicano de \"mexicanizar\" a las tribus porque de esa manera era m\u00e1s f\u00e1cil tomar tierras y recursos y evitar apoyarlos.<\/p><p>-Los Opatas, junto con otros pueblos ind\u00edgenas, ten\u00edan prohibido hablar su idioma original y fueron obligados a hablar espa\u00f1ol. Los diversos estados y la Iglesia intentaron homogeneizar la diversidad cultural existente a trav\u00e9s de la educaci\u00f3n formal.<\/p><p>-Los individuos Opata recibieron nombres y apellidos en espa\u00f1ol generalmente, borrando sus conexiones con la familia y la tierra.<\/p><p>-Ninguno de los estudios y documentaci\u00f3n anteriores realizados por extranjeros sobre las Opatas (Eudeves, Jovas, Tehuimas, o grupos familiares relacionados) fue devuelto y compartido en la regi\u00f3n durante al menos los \u00faltimos 200 a\u00f1os para ayudar a los Opatas a aprender m\u00e1s sobre su idioma y Cultura.<\/p><p>-El racismo y la discriminaci\u00f3n en las regiones de Sonora-Arizona obligaron a los Opatas a dejar de usar y transmitir su lenguaje y conocimiento (muy t\u00edmido al respecto). Debido al pensamiento mexicano de que ser un nativo americano significa ser \"una clase m\u00e1s baja en la sociedad\", algunos descendientes no siguieron sus ra\u00edces tradicionales Opata con los ancianos de sus familias. Adem\u00e1s, a algunos se les lav\u00f3 el cerebro para creer que era incorrecto o malo ser una persona ind\u00edgena de manera indirecta y, en algunos casos, directamente; La iglesia jug\u00f3 un papel importante en esto.<\/p><p>Por ejemplo, Opatas son el \u00fanicos Pueblo Ind\u00edgena del cual se conoce que que un momento determinado condicionaron la visita de un antrop\u00f3logo para que viviera con ellos por un tiempo, solo si se cambiaba el nombre de la tribu en su estudio publicado. Eso dio lugar a la monograf\u00eda sobre el \"Marobavi\" (Eudeve-Tehuima).<\/p>\t\t\t\t\t\t\t\t<\/div>\n\t\t\t\t<\/div>\n\t\t\t\t\t<\/div>\n\t\t<\/div>\n\t\t\t\t<div class=\"elementor-column elementor-col-50 elementor-inner-column elementor-element elementor-element-4b07808\" data-id=\"4b07808\" data-element_type=\"column\" data-e-type=\"column\">\n\t\t\t<div class=\"elementor-widget-wrap elementor-element-populated\">\n\t\t\t\t\t\t<div class=\"elementor-element elementor-element-5a8472f elementor-widget elementor-widget-text-editor\" data-id=\"5a8472f\" data-element_type=\"widget\" data-e-type=\"widget\" data-widget_type=\"text-editor.default\">\n\t\t\t\t<div class=\"elementor-widget-container\">\n\t\t\t\t\t\t\t\t\t<p>-En diferentes puntos de la historia, los Opatas se aliaron con los espa\u00f1oles, la Iglesia Cat\u00f3lica, las Fuerzas Imperiales Franco-Mexicanas, y m\u00e1s tarde con las fuerzas militares mexicanas por diferentes razones; Lo que tuvo un impacto sustancial en la cultura \/ idioma \/ supervivencia.<\/p><p>-Los a\u00f1os de conflicto con los chiricahuas (apaches); A veces, cuando las personas se enfrentan a grandes probabilidades de sobrevivir, las mujeres pueden permitir que sus hijos se conviertan en parte de una cultura diferente para garantizar que los ni\u00f1os vivan. Las mujeres de Opata tend\u00edan a casarse con mestizos o espa\u00f1oles a la vez con el objetivo de dar un mejor futuro a sus herederos y evitar la p\u00e9rdida de sus tierras ancestrales.<\/p><p>-La formaci\u00f3n del gobierno mexicano y la eventual disoluci\u00f3n de una divisi\u00f3n del ej\u00e9rcito de todo Opata.<\/p><p>-Los Ioris (extranjeros blancos) y los caciques ind\u00edgenas aliados con ellos se enfocaron espec\u00edficamente a Opatas debido a su buena tierra. Cuando las personas tradicionales se separan de la tierra, los lugares sagrados se pierden, junto con las pr\u00e1cticas culturales que los honran.<\/p><p>-El gobernador de Sonora, Pesqueira, con su esquema de colonizaci\u00f3n forzada en 1857.<\/p><p>-Entre 1870 y 1900, bajo la bandera de \"progreso\" y \"orden\", el gobierno mexicano provoc\u00f3 la Rebeli\u00f3n Yaqui, a la que se unieron Mayos, Pimas y Opatas locales. El gobierno deport\u00f3 a muchos a Yucat\u00e1n como mano de obra esclava, mientras que otros se convirtieron en v\u00edctimas del progreso nacional y de la mano de obra industrializada barata para el desarrollo econ\u00f3mico del estado de Sonora.<\/p><p>&#8211;<span style=\"font-weight: 400;\">Alrededor de 1929 con el decreto del gobernador Plutarco El\u00edas Calles, se proh\u00edbe la pr\u00e1ctica de lenguas ind\u00edgenas y las costumbres tradicionales en el estado de Sonora y esto ocasion\u00f3 la perdida de ciertas tradiciones que se dejaron de practicar y celebrar en la Opateria lo cual a su vez afect\u00f3 el uso y transmisi\u00f3n de la lengua Opata.<\/span><\/p>\t\t\t\t\t\t\t\t<\/div>\n\t\t\t\t<\/div>\n\t\t\t\t\t<\/div>\n\t\t<\/div>\n\t\t\t\t\t<\/div>\n\t\t<\/section>\n\t\t\t\t<div class=\"elementor-element elementor-element-e672f1e elementor-widget elementor-widget-text-editor\" data-id=\"e672f1e\" data-element_type=\"widget\" data-e-type=\"widget\" data-widget_type=\"text-editor.default\">\n\t\t\t\t<div class=\"elementor-widget-container\">\n\t\t\t\t\t\t\t\t\t<p>Esta es la Naci\u00f3n India Opata conocida en todo el Suroeste como personas que habitaban el territorio original de las cordilleras Sonora-Chihuahua, y parte del Desierto de Sonora, y que vincula el Estado de Sonora con el Suroeste de los Estados Unidos. antes de que existiera un l\u00edmite que divid\u00eda las tierras abor\u00edgenes.<\/p><p>Al igual que muchas otras naciones indias de la regi\u00f3n, los Opatas cambiaron sus nombres e identidades para evitar los genocidios y ejecuciones en M\u00e9xico, y para evitar los internados con su pol\u00edtica \"Mata al indio ... Salva al hombre\" (<a href=\"https:\/\/americanindian.si.edu\/static\/education\/codetalkers\/html\/chapter3.html\" target=\"_blank\" rel=\"noopener\">Enlace 1<\/a>, <a href=\"https:\/\/www.npr.org\/templates\/story\/story.php?storyId=16516865\" target=\"_blank\" rel=\"noopener\">Enlace 2<\/a>, <a href=\"https:\/\/www.pbs.org\/video\/unspoken-americas-native-american-boarding-schools-oobt1r\/\" target=\"_blank\" rel=\"noopener\">Enlace 3<\/a>) a los cuales se envi\u00f3 por la fuerza a ni\u00f1os nativos americanos en los EE. UU. Muchas familias dispersas por todo el sudoeste, sin identificar y sin contabilizar, dejaron de referirse a sus pa\u00edses de origen y ascendencia para comenzar una nueva vida lejos de los genocidios culturales de M\u00e9xico.\u00a0<\/p><p>Todos los individuos Opata en los Estados Unidos provienen de las tierras natales y tradicionales de Sonora y parte de Sonora que <a href=\"https:\/\/es.wikipedia.org\/wiki\/Historia_de_Arizona\" target=\"_blank\" rel=\"noopener\">se convirti\u00f3 en Arizona<\/a>Algunos se han aferrado al conocimiento de su herencia, mientras que otros fueron conquistados y mezclados con otras culturas. Es dif\u00edcil para una tribu de personas que est\u00e1n tan dispersas por todo el sudoeste mantener lazos con personas (identidad) que estaban bajo una campa\u00f1a de exterminio por el gobierno mexicano solo por ser un \"indio\"; por lo tanto, las familias aisladas entre si que buscaron refugio en los Estados Unidos o en otros estados de M\u00e9xico no hablaron de su identidad ind\u00edgena debido a la dura persecuci\u00f3n que les esperaba al momento de su identificaci\u00f3n, algunos gobernadores de Chihuahua (1839-Jos\u00e9 Mar\u00eda Irigoyen de la O; <a href=\"https:\/\/en.wikipedia.org\/wiki\/Apache%E2%80%93Mexico_Wars\" target=\"_blank\" rel=\"noopener\">Enlace 1<\/a> Y 1845-Don Angel Trias; <a href=\"http:\/\/xroads.virginia.edu\/~hyper\/hns\/scalpin\/oldfolks.html\" target=\"_blank\" rel=\"noopener\">Enlace 1<\/a>, <a href=\"https:\/\/books.google.com\/books?id=APS_17REOpwC&amp;pg=PA160&amp;lpg=PA160&amp;dq=mexican+governor+of+Chihuahua+bounty+scalp&amp;source=bl&amp;ots=e7dHolxY6n&amp;sig=ACfU3U1Gf4zHXXrvIolUbgnwUPrala2mOA&amp;hl=en&amp;sa=X&amp;ved=2ahUKEwiyweTEx6LhAhUu2FkKHVYDAYMQ6AEwCnoECAoQAQ#v=onepage&amp;q=mexican%20governor%20of%20Chihuahua%20bounty%20scalp&amp;f=false\" target=\"_blank\" rel=\"noopener\">Enlace 2<\/a>, <a href=\"http:\/\/www.sandiegoyesterday.com\/wp-content\/uploads\/2010\/05\/Scalp-Hunters.pdf\" target=\"_blank\" rel=\"noopener\">Enlace 3<\/a>) ofrecieron una recompensa por el cuero cabelludo, lo que llev\u00f3 a la masacre generalizada de todos los indios hasta que la pr\u00e1ctica se detuvo en la d\u00e9cada de 1880. Muchos vaqueros y soldados se alegraron de recolectar pesos a cambio de un cuero cabelludo de pelo negro.<\/p>\t\t\t\t\t\t\t\t<\/div>\n\t\t\t\t<\/div>\n\t\t\t\t<div class=\"elementor-element elementor-element-6e75b13 elementor-widget elementor-widget-text-editor\" data-id=\"6e75b13\" data-element_type=\"widget\" data-e-type=\"widget\" data-widget_type=\"text-editor.default\">\n\t\t\t\t<div class=\"elementor-widget-container\">\n\t\t\t\t\t\t\t\t\t<p>La pronunciaci\u00f3n en espa\u00f1ol de las palabras que hacen referencia a nuestras principales familias:<br \/>-Eudeve<br \/>-Teg\u00fcima \/ Tehuima<br \/>-Jova<\/p><p>En Opata se debe escribir como:<br \/>-Eudebe<br \/>-Teuima \/ Teguima<br \/>-Hoba<\/p>\t\t\t\t\t\t\t\t<\/div>\n\t\t\t\t<\/div>\n\t\t\t\t<div class=\"elementor-element elementor-element-ebfe6ae elementor-share-buttons--view-icon-text elementor-share-buttons--skin-gradient elementor-share-buttons--shape-square elementor-grid-0 elementor-share-buttons--color-official elementor-widget elementor-widget-share-buttons\" data-id=\"ebfe6ae\" data-element_type=\"widget\" data-e-type=\"widget\" data-widget_type=\"share-buttons.default\">\n\t\t\t\t<div class=\"elementor-widget-container\">\n\t\t\t\t\t\t\t<div class=\"elementor-grid\" role=\"list\">\n\t\t\t\t\t\t\t\t<div class=\"elementor-grid-item\" role=\"listitem\">\n\t\t\t\t\t\t<div class=\"elementor-share-btn elementor-share-btn_email\" role=\"button\" tabindex=\"0\" aria-label=\"Share on email\">\n\t\t\t\t\t\t\t\t\t\t\t\t\t\t\t<span class=\"elementor-share-btn__icon\">\n\t\t\t\t\t\t\t\t<svg aria-hidden=\"true\" class=\"e-font-icon-svg e-fas-envelope\" viewbox=\"0 0 512 512\" xmlns=\"http:\/\/www.w3.org\/2000\/svg\"><path d=\"M502.3 190.8c3.9-3.1 9.7-.2 9.7 4.7V400c0 26.5-21.5 48-48 48H48c-26.5 0-48-21.5-48-48V195.6c0-5 5.7-7.8 9.7-4.7 22.4 17.4 52.1 39.5 154.1 113.6 21.1 15.4 56.7 47.8 92.2 47.6 35.7.3 72-32.8 92.3-47.6 102-74.1 131.6-96.3 154-113.7zM256 320c23.2.4 56.6-29.2 73.4-41.4 132.7-96.3 142.8-104.7 173.4-128.7 5.8-4.5 9.2-11.5 9.2-18.9v-19c0-26.5-21.5-48-48-48H48C21.5 64 0 85.5 0 112v19c0 7.4 3.4 14.3 9.2 18.9 30.6 23.9 40.7 32.4 173.4 128.7 16.8 12.2 50.2 41.8 73.4 41.4z\"><\/path><\/svg>\t\t\t\t\t\t\t<\/span>\n\t\t\t\t\t\t\t\t\t\t\t\t\t\t\t\t\t\t\t\t\t\t<div class=\"elementor-share-btn__text\">\n\t\t\t\t\t\t\t\t\t\t\t\t\t\t\t\t\t\t\t<span class=\"elementor-share-btn__title\">\n\t\t\t\t\t\t\t\t\t\tEmail\t\t\t\t\t\t\t\t\t<\/span>\n\t\t\t\t\t\t\t\t\t\t\t\t\t\t\t\t\t<\/div>\n\t\t\t\t\t\t\t\t\t\t\t\t\t<\/div>\n\t\t\t\t\t<\/div>\n\t\t\t\t\t\t\t\t\t<div class=\"elementor-grid-item\" role=\"listitem\">\n\t\t\t\t\t\t<div class=\"elementor-share-btn elementor-share-btn_whatsapp\" role=\"button\" tabindex=\"0\" aria-label=\"Share on whatsapp\">\n\t\t\t\t\t\t\t\t\t\t\t\t\t\t\t<span class=\"elementor-share-btn__icon\">\n\t\t\t\t\t\t\t\t<svg aria-hidden=\"true\" class=\"e-font-icon-svg e-fab-whatsapp\" viewbox=\"0 0 448 512\" xmlns=\"http:\/\/www.w3.org\/2000\/svg\"><path d=\"M380.9 97.1C339 55.1 283.2 32 223.9 32c-122.4 0-222 99.6-222 222 0 39.1 10.2 77.3 29.6 111L0 480l117.7-30.9c32.4 17.7 68.9 27 106.1 27h.1c122.3 0 224.1-99.6 224.1-222 0-59.3-25.2-115-67.1-157zm-157 341.6c-33.2 0-65.7-8.9-94-25.7l-6.7-4-69.8 18.3L72 359.2l-4.4-7c-18.5-29.4-28.2-63.3-28.2-98.2 0-101.7 82.8-184.5 184.6-184.5 49.3 0 95.6 19.2 130.4 54.1 34.8 34.9 56.2 81.2 56.1 130.5 0 101.8-84.9 184.6-186.6 184.6zm101.2-138.2c-5.5-2.8-32.8-16.2-37.9-18-5.1-1.9-8.8-2.8-12.5 2.8-3.7 5.6-14.3 18-17.6 21.8-3.2 3.7-6.5 4.2-12 1.4-32.6-16.3-54-29.1-75.5-66-5.7-9.8 5.7-9.1 16.3-30.3 1.8-3.7.9-6.9-.5-9.7-1.4-2.8-12.5-30.1-17.1-41.2-4.5-10.8-9.1-9.3-12.5-9.5-3.2-.2-6.9-.2-10.6-.2-3.7 0-9.7 1.4-14.8 6.9-5.1 5.6-19.4 19-19.4 46.3 0 27.3 19.9 53.7 22.6 57.4 2.8 3.7 39.1 59.7 94.8 83.8 35.2 15.2 49 16.5 66.6 13.9 10.7-1.6 32.8-13.4 37.4-26.4 4.6-13 4.6-24.1 3.2-26.4-1.3-2.5-5-3.9-10.5-6.6z\"><\/path><\/svg>\t\t\t\t\t\t\t<\/span>\n\t\t\t\t\t\t\t\t\t\t\t\t\t\t\t\t\t\t\t\t\t\t<div class=\"elementor-share-btn__text\">\n\t\t\t\t\t\t\t\t\t\t\t\t\t\t\t\t\t\t\t<span class=\"elementor-share-btn__title\">\n\t\t\t\t\t\t\t\t\t\tWhatsApp\t\t\t\t\t\t\t\t\t<\/span>\n\t\t\t\t\t\t\t\t\t\t\t\t\t\t\t\t\t<\/div>\n\t\t\t\t\t\t\t\t\t\t\t\t\t<\/div>\n\t\t\t\t\t<\/div>\n\t\t\t\t\t\t\t\t\t<div class=\"elementor-grid-item\" role=\"listitem\">\n\t\t\t\t\t\t<div class=\"elementor-share-btn elementor-share-btn_print\" role=\"button\" tabindex=\"0\" aria-label=\"Share on print\">\n\t\t\t\t\t\t\t\t\t\t\t\t\t\t\t<span class=\"elementor-share-btn__icon\">\n\t\t\t\t\t\t\t\t<svg aria-hidden=\"true\" class=\"e-font-icon-svg e-fas-print\" viewbox=\"0 0 512 512\" xmlns=\"http:\/\/www.w3.org\/2000\/svg\"><path d=\"M448 192V77.25c0-8.49-3.37-16.62-9.37-22.63L393.37 9.37c-6-6-14.14-9.37-22.63-9.37H96C78.33 0 64 14.33 64 32v160c-35.35 0-64 28.65-64 64v112c0 8.84 7.16 16 16 16h48v96c0 17.67 14.33 32 32 32h320c17.67 0 32-14.33 32-32v-96h48c8.84 0 16-7.16 16-16V256c0-35.35-28.65-64-64-64zm-64 256H128v-96h256v96zm0-224H128V64h192v48c0 8.84 7.16 16 16 16h48v96zm48 72c-13.25 0-24-10.75-24-24 0-13.26 10.75-24 24-24s24 10.74 24 24c0 13.25-10.75 24-24 24z\"><\/path><\/svg>\t\t\t\t\t\t\t<\/span>\n\t\t\t\t\t\t\t\t\t\t\t\t\t\t\t\t\t\t\t\t\t\t<div class=\"elementor-share-btn__text\">\n\t\t\t\t\t\t\t\t\t\t\t\t\t\t\t\t\t\t\t<span class=\"elementor-share-btn__title\">\n\t\t\t\t\t\t\t\t\t\tImprimir\t\t\t\t\t\t\t\t\t<\/span>\n\t\t\t\t\t\t\t\t\t\t\t\t\t\t\t\t\t<\/div>\n\t\t\t\t\t\t\t\t\t\t\t\t\t<\/div>\n\t\t\t\t\t<\/div>\n\t\t\t\t\t\t<\/div>\n\t\t\t\t\t\t<\/div>\n\t\t\t\t<\/div>\n\t\t\t\t\t<\/div>\n\t\t<\/div>\n\t\t\t\t\t<\/div>\n\t\t<\/section>\n\t\t\t\t<\/div>","protected":false},"excerpt":{"rendered":"<p>Opata Nation We the Opatas invite you to join us in working towards the recovery of our language, culture, and to provide a unique source of information regarding our nation,&#8230;<\/p>","protected":false},"author":1,"featured_media":0,"parent":0,"menu_order":0,"comment_status":"closed","ping_status":"closed","template":"","meta":{"_themeisle_gutenberg_block_has_review":false,"jetpack_post_was_ever_published":false,"footnotes":""},"class_list":["post-671","page","type-page","status-publish","hentry"],"jetpack_shortlink":"https:\/\/wp.me\/P9Bxi6-aP","jetpack-related-posts":[],"jetpack_sharing_enabled":true,"_links":{"self":[{"href":"https:\/\/opatanation.org\/es\/wp-json\/wp\/v2\/pages\/671","targetHints":{"allow":["GET"]}}],"collection":[{"href":"https:\/\/opatanation.org\/es\/wp-json\/wp\/v2\/pages"}],"about":[{"href":"https:\/\/opatanation.org\/es\/wp-json\/wp\/v2\/types\/page"}],"author":[{"embeddable":true,"href":"https:\/\/opatanation.org\/es\/wp-json\/wp\/v2\/users\/1"}],"replies":[{"embeddable":true,"href":"https:\/\/opatanation.org\/es\/wp-json\/wp\/v2\/comments?post=671"}],"version-history":[{"count":0,"href":"https:\/\/opatanation.org\/es\/wp-json\/wp\/v2\/pages\/671\/revisions"}],"wp:attachment":[{"href":"https:\/\/opatanation.org\/es\/wp-json\/wp\/v2\/media?parent=671"}],"curies":[{"name":"wp","href":"https:\/\/api.w.org\/{rel}","templated":true}]}}