{"id":966,"date":"2019-07-10T16:50:33","date_gmt":"2019-07-10T16:50:33","guid":{"rendered":"http:\/\/opatanation.org\/?page_id=966"},"modified":"2019-07-11T03:58:58","modified_gmt":"2019-07-11T03:58:58","slug":"government-faqs","status":"publish","type":"page","link":"https:\/\/opatanation.org\/es\/government-faqs","title":{"rendered":"Gobierno - Preguntas Frecuentes"},"content":{"rendered":"<div data-elementor-type=\"wp-post\" data-elementor-id=\"966\" class=\"elementor elementor-966\" data-elementor-settings=\"{&quot;element_pack_global_tooltip_width&quot;:{&quot;unit&quot;:&quot;px&quot;,&quot;size&quot;:&quot;&quot;,&quot;sizes&quot;:[]},&quot;element_pack_global_tooltip_width_tablet&quot;:{&quot;unit&quot;:&quot;px&quot;,&quot;size&quot;:&quot;&quot;,&quot;sizes&quot;:[]},&quot;element_pack_global_tooltip_width_mobile&quot;:{&quot;unit&quot;:&quot;px&quot;,&quot;size&quot;:&quot;&quot;,&quot;sizes&quot;:[]},&quot;element_pack_global_tooltip_padding&quot;:{&quot;unit&quot;:&quot;px&quot;,&quot;top&quot;:&quot;&quot;,&quot;right&quot;:&quot;&quot;,&quot;bottom&quot;:&quot;&quot;,&quot;left&quot;:&quot;&quot;,&quot;isLinked&quot;:true},&quot;element_pack_global_tooltip_padding_tablet&quot;:{&quot;unit&quot;:&quot;px&quot;,&quot;top&quot;:&quot;&quot;,&quot;right&quot;:&quot;&quot;,&quot;bottom&quot;:&quot;&quot;,&quot;left&quot;:&quot;&quot;,&quot;isLinked&quot;:true},&quot;element_pack_global_tooltip_padding_mobile&quot;:{&quot;unit&quot;:&quot;px&quot;,&quot;top&quot;:&quot;&quot;,&quot;right&quot;:&quot;&quot;,&quot;bottom&quot;:&quot;&quot;,&quot;left&quot;:&quot;&quot;,&quot;isLinked&quot;:true},&quot;element_pack_global_tooltip_border_radius&quot;:{&quot;unit&quot;:&quot;px&quot;,&quot;top&quot;:&quot;&quot;,&quot;right&quot;:&quot;&quot;,&quot;bottom&quot;:&quot;&quot;,&quot;left&quot;:&quot;&quot;,&quot;isLinked&quot;:true},&quot;element_pack_global_tooltip_border_radius_tablet&quot;:{&quot;unit&quot;:&quot;px&quot;,&quot;top&quot;:&quot;&quot;,&quot;right&quot;:&quot;&quot;,&quot;bottom&quot;:&quot;&quot;,&quot;left&quot;:&quot;&quot;,&quot;isLinked&quot;:true},&quot;element_pack_global_tooltip_border_radius_mobile&quot;:{&quot;unit&quot;:&quot;px&quot;,&quot;top&quot;:&quot;&quot;,&quot;right&quot;:&quot;&quot;,&quot;bottom&quot;:&quot;&quot;,&quot;left&quot;:&quot;&quot;,&quot;isLinked&quot;:true}}\" data-elementor-post-type=\"page\">\n\t\t\t\t\t\t<section class=\"elementor-section elementor-top-section elementor-element elementor-element-1f5246a7 elementor-section-content-middle elementor-section-boxed elementor-section-height-default elementor-section-height-default\" data-id=\"1f5246a7\" data-element_type=\"section\" data-e-type=\"section\">\n\t\t\t\t\t\t<div class=\"elementor-container elementor-column-gap-no\">\n\t\t\t\t\t<div class=\"elementor-column elementor-col-100 elementor-top-column elementor-element elementor-element-b62a3d6\" data-id=\"b62a3d6\" data-element_type=\"column\" data-e-type=\"column\">\n\t\t\t<div class=\"elementor-widget-wrap elementor-element-populated\">\n\t\t\t\t\t\t<div class=\"elementor-element elementor-element-47dbfc21 elementor-widget elementor-widget-heading\" data-id=\"47dbfc21\" data-element_type=\"widget\" data-e-type=\"widget\" data-widget_type=\"heading.default\">\n\t\t\t\t<div class=\"elementor-widget-container\">\n\t\t\t\t\t<h2 class=\"elementor-heading-title elementor-size-default\">Preguntas Frecuentes<\/h2>\t\t\t\t<\/div>\n\t\t\t\t<\/div>\n\t\t\t\t<div class=\"elementor-element elementor-element-3925c61 elementor-widget elementor-widget-heading\" data-id=\"3925c61\" data-element_type=\"widget\" data-e-type=\"widget\" data-widget_type=\"heading.default\">\n\t\t\t\t<div class=\"elementor-widget-container\">\n\t\t\t\t\t<h5 class=\"elementor-heading-title elementor-size-default\">Preguntas y respuestas m\u00e1s frecuentes<\/h5>\t\t\t\t<\/div>\n\t\t\t\t<\/div>\n\t\t\t\t<section class=\"elementor-section elementor-inner-section elementor-element elementor-element-2bf86ab1 elementor-section-content-top elementor-section-boxed elementor-section-height-default elementor-section-height-default\" data-id=\"2bf86ab1\" data-element_type=\"section\" data-e-type=\"section\">\n\t\t\t\t\t\t<div class=\"elementor-container elementor-column-gap-no\">\n\t\t\t\t\t<div class=\"elementor-column elementor-col-50 elementor-inner-column elementor-element elementor-element-32f77810\" data-id=\"32f77810\" data-element_type=\"column\" data-e-type=\"column\">\n\t\t\t<div class=\"elementor-widget-wrap elementor-element-populated\">\n\t\t\t\t\t\t<div class=\"elementor-element elementor-element-790f86c2 elementor-widget elementor-widget-heading\" data-id=\"790f86c2\" data-element_type=\"widget\" data-e-type=\"widget\" data-widget_type=\"heading.default\">\n\t\t\t\t<div class=\"elementor-widget-container\">\n\t\t\t\t\t<h4 class=\"elementor-heading-title elementor-size-default\">\u00bfQu\u00e9 califica a un individuo para servir en el Consejo?<\/h4>\t\t\t\t<\/div>\n\t\t\t\t<\/div>\n\t\t\t\t<div class=\"elementor-element elementor-element-2b5502c9 elementor-widget elementor-widget-text-editor\" data-id=\"2b5502c9\" data-element_type=\"widget\" data-e-type=\"widget\" data-widget_type=\"text-editor.default\">\n\t\t\t\t<div class=\"elementor-widget-container\">\n\t\t\t\t\t\t\t\t\t<p><span style=\"font-weight: 400;\">Individuos que demuestran constante compromiso y participaci\u00f3n en diferentes \u00e1reas y niveles durante varios a\u00f1os con el prop\u00f3sito de mantener nuestra luz encendida sin la b\u00fasqueda de la obtenci\u00f3n de algo a cambio del tiempo invertido (sin remuneraci\u00f3n. Personas con caracter\u00edsticas, cualidades y habilidades que busquen el bien com\u00fan de nuestra naci\u00f3n y activadores de acciones que busquen organizarnos, fortalecernos, y empujarnos como conjunto cada vez que nuestra naci\u00f3n afloje el paso en cualquiera de nuestras metas.<\/span><\/p>\t\t\t\t\t\t\t\t<\/div>\n\t\t\t\t<\/div>\n\t\t\t\t\t<\/div>\n\t\t<\/div>\n\t\t\t\t<div class=\"elementor-column elementor-col-50 elementor-inner-column elementor-element elementor-element-351f3b1f\" data-id=\"351f3b1f\" data-element_type=\"column\" data-e-type=\"column\">\n\t\t\t<div class=\"elementor-widget-wrap elementor-element-populated\">\n\t\t\t\t\t\t<div class=\"elementor-element elementor-element-4f4614f elementor-widget elementor-widget-heading\" data-id=\"4f4614f\" data-element_type=\"widget\" data-e-type=\"widget\" data-widget_type=\"heading.default\">\n\t\t\t\t<div class=\"elementor-widget-container\">\n\t\t\t\t\t<h4 class=\"elementor-heading-title elementor-size-default\">\u00bfCu\u00e1les son los otros requisitos para cualquier candidato para el Consejo?<\/h4>\t\t\t\t<\/div>\n\t\t\t\t<\/div>\n\t\t\t\t<div class=\"elementor-element elementor-element-13bc18f3 elementor-widget elementor-widget-text-editor\" data-id=\"13bc18f3\" data-element_type=\"widget\" data-e-type=\"widget\" data-widget_type=\"text-editor.default\">\n\t\t\t\t<div class=\"elementor-widget-container\">\n\t\t\t\t\t\t\t\t\t<ul>\n<li><span style=\"font-weight: 400;\">Ser un voluntario activo y responsable por m\u00e1s de 2 a\u00f1os consecutivos.<\/span><\/li>\n<li><span style=\"font-weight: 400;\">Mostrar constante compromiso con la naci\u00f3n Opata con hechos\/acciones y no solo palabras.<\/span><\/li>\n<li><span style=\"font-weight: 400;\">Ser reconocido oficialmente como miembro de la Naci\u00f3n Opata (Proyecto en proceso de preparaci\u00f3n).<\/span><\/li>\n<li><span style=\"font-weight: 400;\">Encontrarse desempe\u00f1ando debido a su posici\u00f3n de voluntario o miembro del Comit\u00e9 General en algunos de los deberes (enlistados arriba) de los miembros del consejo.<\/span><\/li>\n<\/ul>\t\t\t\t\t\t\t\t<\/div>\n\t\t\t\t<\/div>\n\t\t\t\t\t<\/div>\n\t\t<\/div>\n\t\t\t\t\t<\/div>\n\t\t<\/section>\n\t\t\t\t<section class=\"elementor-section elementor-inner-section elementor-element elementor-element-54ee3a5c elementor-section-content-top elementor-section-boxed elementor-section-height-default elementor-section-height-default\" data-id=\"54ee3a5c\" data-element_type=\"section\" data-e-type=\"section\">\n\t\t\t\t\t\t<div class=\"elementor-container elementor-column-gap-no\">\n\t\t\t\t\t<div class=\"elementor-column elementor-col-50 elementor-inner-column elementor-element elementor-element-7551da3d\" data-id=\"7551da3d\" data-element_type=\"column\" data-e-type=\"column\">\n\t\t\t<div class=\"elementor-widget-wrap elementor-element-populated\">\n\t\t\t\t\t\t<div class=\"elementor-element elementor-element-c76b4a6 elementor-widget elementor-widget-heading\" data-id=\"c76b4a6\" data-element_type=\"widget\" data-e-type=\"widget\" data-widget_type=\"heading.default\">\n\t\t\t\t<div class=\"elementor-widget-container\">\n\t\t\t\t\t<h4 class=\"elementor-heading-title elementor-size-default\">\u00bfQu\u00e9 podr\u00eda abrir una o m\u00e1s de las 9 posiciones del Consejo en el futuro?<span style=\"font-style: inherit\"><\/span><br><\/h4>\t\t\t\t<\/div>\n\t\t\t\t<\/div>\n\t\t\t\t<div class=\"elementor-element elementor-element-71c66367 elementor-widget elementor-widget-text-editor\" data-id=\"71c66367\" data-element_type=\"widget\" data-e-type=\"widget\" data-widget_type=\"text-editor.default\">\n\t\t\t\t<div class=\"elementor-widget-container\">\n\t\t\t\t\t\t\t\t\t<p><span style=\"font-weight: 400;\">Por el momento, planeamos implementar una versi\u00f3n moderna de la organizaci\u00f3n tradicional, donde la membres\u00eda puede ser indefinida (consulta de renovaci\u00f3n\/elecci\u00f3n cada 5 a\u00f1os) siempre y cuando los individuos cumplan con sus deberes y trabajen para cumplir los objetivos en el tiempo estipulado para cada proyecto, que podr\u00eda ser validado (cada cinco a\u00f1os despu\u00e9s de que el miembro se hiciera cargo del cargo) a trav\u00e9s de una \"consulta para renovar el puesto\", ejercicio que se llevar\u00e1 a cabo mediante un voto general de todos los miembros oficiales de la Naci\u00f3n Opata registrados hasta ese momento, se definir\u00e1 si el individuo continuar\u00e1 como miembro del consejo o no.<br \/><br \/><\/span><span style=\"font-weight: 400;\">Lo siguiente es una lista de puntos que no le permitir\u00edan a miembro alguno del consejo desempe\u00f1ar sus funciones y por lo cual deber\u00e1 ser destituido por votaci\u00f3n:<\/span><\/p>\n<ul>\n<li><span style=\"font-weight: 400;\">Enfermedad severa..<\/span><\/li>\n<li><span style=\"font-weight: 400;\">Muerte.<\/span><\/li>\n<li><span style=\"font-weight: 400;\">Problemas personales que no permiten que el miembro contin\u00fae.<\/span><\/li>\n<li><span style=\"font-weight: 400;\">La falta de \u00e9tica.<\/span><\/li>\n<li><span style=\"font-weight: 400;\">Corrupci\u00f3n.<\/span><\/li>\n<li><span style=\"font-weight: 400;\">Enfermedad mental.<\/span><\/li>\n<li><span style=\"font-weight: 400;\">Conflicto financiero de intereses.<\/span><\/li>\n<li><span style=\"font-weight: 400;\">Ausencia continua de reuniones o del proceso de toma de decisiones.<\/span><\/li>\n<li><span style=\"font-weight: 400;\">Comportamiento que se refleja mal en la Naci\u00f3n Opata en su conjunto.<\/span><\/li>\n<\/ul>\t\t\t\t\t\t\t\t<\/div>\n\t\t\t\t<\/div>\n\t\t\t\t\t<\/div>\n\t\t<\/div>\n\t\t\t\t<div class=\"elementor-column elementor-col-50 elementor-inner-column elementor-element elementor-element-7e02b6d0\" data-id=\"7e02b6d0\" data-element_type=\"column\" data-e-type=\"column\">\n\t\t\t<div class=\"elementor-widget-wrap elementor-element-populated\">\n\t\t\t\t\t\t<div class=\"elementor-element elementor-element-13bb4b16 elementor-widget elementor-widget-heading\" data-id=\"13bb4b16\" data-element_type=\"widget\" data-e-type=\"widget\" data-widget_type=\"heading.default\">\n\t\t\t\t<div class=\"elementor-widget-container\">\n\t\t\t\t\t<h4 class=\"elementor-heading-title elementor-size-default\">\u00bfQu\u00e9 es el Comit\u00e9 General?<span style=\"font-style: inherit\"><\/span><br><\/h4>\t\t\t\t<\/div>\n\t\t\t\t<\/div>\n\t\t\t\t<div class=\"elementor-element elementor-element-691d9034 elementor-widget elementor-widget-text-editor\" data-id=\"691d9034\" data-element_type=\"widget\" data-e-type=\"widget\" data-widget_type=\"text-editor.default\">\n\t\t\t\t<div class=\"elementor-widget-container\">\n\t\t\t\t\t\t\t\t\t<p><span style=\"font-weight: 400;\">Miembros de la Naci\u00f3n Opata con una profesi\u00f3n y habilidades (por ejemplo: abogados, ingenieros de sistemas, ling\u00fcistas, etc.) que de alguna manera los hacen expertos en aquellos temas en los que el Consejo presentar\u00e1 tareas para su evaluaci\u00f3n antes de continuar.<\/span><\/p>\t\t\t\t\t\t\t\t<\/div>\n\t\t\t\t<\/div>\n\t\t\t\t\t<\/div>\n\t\t<\/div>\n\t\t\t\t\t<\/div>\n\t\t<\/section>\n\t\t\t\t<section class=\"elementor-section elementor-inner-section elementor-element elementor-element-2009351d elementor-section-content-top elementor-section-boxed elementor-section-height-default elementor-section-height-default\" data-id=\"2009351d\" data-element_type=\"section\" data-e-type=\"section\">\n\t\t\t\t\t\t<div class=\"elementor-container elementor-column-gap-no\">\n\t\t\t\t\t<div class=\"elementor-column elementor-col-50 elementor-inner-column elementor-element elementor-element-7b5744f0\" data-id=\"7b5744f0\" data-element_type=\"column\" data-e-type=\"column\">\n\t\t\t<div class=\"elementor-widget-wrap elementor-element-populated\">\n\t\t\t\t\t\t<div class=\"elementor-element elementor-element-110bd2e9 elementor-widget elementor-widget-heading\" data-id=\"110bd2e9\" data-element_type=\"widget\" data-e-type=\"widget\" data-widget_type=\"heading.default\">\n\t\t\t\t<div class=\"elementor-widget-container\">\n\t\t\t\t\t<h4 class=\"elementor-heading-title elementor-size-default\">\u00bfCu\u00e1l es el marco de actuaci\u00f3n del Comit\u00e9 General?<span style=\"font-style: inherit\"><\/span><br><\/h4>\t\t\t\t<\/div>\n\t\t\t\t<\/div>\n\t\t\t\t<div class=\"elementor-element elementor-element-4961c0a4 elementor-widget elementor-widget-text-editor\" data-id=\"4961c0a4\" data-element_type=\"widget\" data-e-type=\"widget\" data-widget_type=\"text-editor.default\">\n\t\t\t\t<div class=\"elementor-widget-container\">\n\t\t\t\t\t\t\t\t\t<p><span style=\"font-weight: 400;\">Los miembros del comit\u00e9 deben aceptar colaborar en al menos un proyecto en el que la naci\u00f3n Opata est\u00e1 trabajando. (Ejemplos: adquisici\u00f3n o restituci\u00f3n de tierras, agricultura, recuperaci\u00f3n de idiomas y educaci\u00f3n, otras artes tradicionales, derechos ind\u00edgenas en los Estados Unidos y M\u00e9xico, reconocimiento tribal, etc.)<\/span><\/p>\n<p><span style=\"font-weight: 400;\">Los miembros del Comit\u00e9 General no pueden representar ni hablar en nombre de la naci\u00f3n Opata, a menos que el Consejo vote por una autorizaci\u00f3n temporal que otorgue al miembro estipulado el derecho a representarnos por un per\u00edodo de tiempo definido.<\/span><\/p>\t\t\t\t\t\t\t\t<\/div>\n\t\t\t\t<\/div>\n\t\t\t\t\t<\/div>\n\t\t<\/div>\n\t\t\t\t<div class=\"elementor-column elementor-col-50 elementor-inner-column elementor-element elementor-element-1568bb1e\" data-id=\"1568bb1e\" data-element_type=\"column\" data-e-type=\"column\">\n\t\t\t<div class=\"elementor-widget-wrap elementor-element-populated\">\n\t\t\t\t\t\t<div class=\"elementor-element elementor-element-5f63b6d5 elementor-widget elementor-widget-heading\" data-id=\"5f63b6d5\" data-element_type=\"widget\" data-e-type=\"widget\" data-widget_type=\"heading.default\">\n\t\t\t\t<div class=\"elementor-widget-container\">\n\t\t\t\t\t<h4 class=\"elementor-heading-title elementor-size-default\">\u00bfExiste alg\u00fan tipo de remuneraci\u00f3n monetaria por los cargos ocupados?<\/h4>\t\t\t\t<\/div>\n\t\t\t\t<\/div>\n\t\t\t\t<div class=\"elementor-element elementor-element-353b61a elementor-widget elementor-widget-text-editor\" data-id=\"353b61a\" data-element_type=\"widget\" data-e-type=\"widget\" data-widget_type=\"text-editor.default\">\n\t\t\t\t<div class=\"elementor-widget-container\">\n\t\t\t\t\t\t\t\t\t<p>Cualquiera de las posiciones del Gobierno de la Naci\u00f3n Opata como lo son los miembros del Consejo, Comit\u00e9 General o Voluntarios son sin goce de sueldo (sin remuneracion monetaria por cualquier actividad, servicio o tiempo prestado), ya que son posiciones de servicio a nuestra comunidad, con la meta de servir imparcialmente a la Naci\u00f3n Opata de la mejor forma posible.<\/p>\t\t\t\t\t\t\t\t<\/div>\n\t\t\t\t<\/div>\n\t\t\t\t\t<\/div>\n\t\t<\/div>\n\t\t\t\t\t<\/div>\n\t\t<\/section>\n\t\t\t\t\t<\/div>\n\t\t<\/div>\n\t\t\t\t\t<\/div>\n\t\t<\/section>\n\t\t\t\t<\/div>","protected":false},"excerpt":{"rendered":"<p>Frequently Asked Questions Most frequent questions and answers What qualifies an individual to serve on the Council? Individuals who have demonstrated constant commitment and participation to the Opata cause for&#8230;<\/p>","protected":false},"author":1,"featured_media":0,"parent":0,"menu_order":0,"comment_status":"closed","ping_status":"closed","template":"","meta":{"_themeisle_gutenberg_block_has_review":false,"jetpack_post_was_ever_published":false,"footnotes":""},"class_list":["post-966","page","type-page","status-publish","hentry"],"jetpack_shortlink":"https:\/\/wp.me\/P9Bxi6-fA","jetpack-related-posts":[],"jetpack_sharing_enabled":true,"_links":{"self":[{"href":"https:\/\/opatanation.org\/es\/wp-json\/wp\/v2\/pages\/966","targetHints":{"allow":["GET"]}}],"collection":[{"href":"https:\/\/opatanation.org\/es\/wp-json\/wp\/v2\/pages"}],"about":[{"href":"https:\/\/opatanation.org\/es\/wp-json\/wp\/v2\/types\/page"}],"author":[{"embeddable":true,"href":"https:\/\/opatanation.org\/es\/wp-json\/wp\/v2\/users\/1"}],"replies":[{"embeddable":true,"href":"https:\/\/opatanation.org\/es\/wp-json\/wp\/v2\/comments?post=966"}],"version-history":[{"count":0,"href":"https:\/\/opatanation.org\/es\/wp-json\/wp\/v2\/pages\/966\/revisions"}],"wp:attachment":[{"href":"https:\/\/opatanation.org\/es\/wp-json\/wp\/v2\/media?parent=966"}],"curies":[{"name":"wp","href":"https:\/\/api.w.org\/{rel}","templated":true}]}}